{"id":139,"date":"2016-12-15T10:35:17","date_gmt":"2016-12-15T10:35:17","guid":{"rendered":"http:\/\/tierernaehrung-kroeger.de\/startseite\/"},"modified":"2025-10-12T10:22:21","modified_gmt":"2025-10-12T10:22:21","slug":"startseite","status":"publish","type":"page","link":"https:\/\/tierernaehrung-kroeger.de\/en\/","title":{"rendered":"Start"},"content":{"rendered":"<div class=\"wpb-content-wrapper\"><p>[vc_row][vc_column][vc_column_text]<\/p>\n<h1 class=\"vertical-spacing-s\">Welcome to the veterinary nutrition consultation!<\/h1>\n<p>[\/vc_column_text][\/vc_column][\/vc_row][vc_row equal_columns=&#8221;true&#8221; parallax=&#8221;content-moving-fade&#8221; parallax_image=&#8221;236&#8243; parallax_speed_bg=&#8221;1.3&#8243; el_class=&#8221;start-body&#8221;][vc_column width=&#8221;1\/2&#8243; offset=&#8221;vc_col-lg-6 vc_col-md-6 vc_col-xs-12&#8243;][vc_column_text el_class=&#8221;vertical-offset-desktop&#8221;]We would like to support pet owners as well as their veterinarians in choosing the most suitable nutritional option for dogs and cats through our consultation: It is customized and tailored to the potential medical needs of each patient, on the basis of the most recent research findings in the field of nutrition.<\/p>\n<p>Regardless of whether you would like to feed a commercial complete diet or a cooked or raw (BARF) home-made diet, our aim is to provide you with a dietary recommendation founded on our expertise, which also addresses your personal requests and wishes.<\/p>\n<p>Please find more information about the consultation and continuing education offers as well as prices and procedures on the following pages. You can begin the request for a nutrition consultation for your dog or cat directly using the <a href=\"nutrition-consultation\/#anamnesis-form\">anamnesis form<\/a>.<br \/>\nYou are also welcome to contact us directly via phone or E-Mail. We are happy to answer any questions you have.<\/p>\n<p><a class=\"btn btn-primary margin-top-20\" href=\"contact\"><b>Personal contact<\/b><\/a><\/p>\n<p><a class=\"btn btn-primary\" href=\"nutrition-consultation\"><b>Nutrition consultation<\/b><\/a>[\/vc_column_text][\/vc_column][\/vc_row]<\/p>\n<\/div>","protected":false},"excerpt":{"rendered":"<p>[vc_row][vc_column][vc_column_text] Welcome to the veterinary nutrition consultation! [\/vc_column_text][\/vc_column][\/vc_row][vc_row equal_columns=&#8221;true&#8221; parallax=&#8221;content-moving-fade&#8221; parallax_image=&#8221;236&#8243; parallax_speed_bg=&#8221;1.3&#8243; el_class=&#8221;start-body&#8221;][vc_column width=&#8221;1\/2&#8243; offset=&#8221;vc_col-lg-6 vc_col-md-6 vc_col-xs-12&#8243;][vc_column_text el_class=&#8221;vertical-offset-desktop&#8221;]We would like to support pet owners as well as their veterinarians in choosing the most suitable nutritional option for dogs and cats through our consultation: It is customized and tailored to the potential medical needs of each [&hellip;]<\/p>\n","protected":false},"author":1,"featured_media":0,"parent":0,"menu_order":0,"comment_status":"closed","ping_status":"closed","template":"","meta":{"inline_featured_image":false,"footnotes":""},"class_list":["post-139","page","type-page","status-publish","hentry"],"yoast_head":"<!-- This site is optimized with the Yoast SEO plugin v27.3 - https:\/\/yoast.com\/product\/yoast-seo-wordpress\/ -->\n<title>Start - Tier\u00e4rztliche Ern\u00e4hrungsberatung Dr. Susan Kr\u00f6ger<\/title>\n<meta name=\"robots\" content=\"index, follow, max-snippet:-1, max-image-preview:large, max-video-preview:-1\" \/>\n<link rel=\"canonical\" href=\"https:\/\/tierernaehrung-kroeger.de\/en\/\" \/>\n<meta property=\"og:locale\" content=\"en_US\" \/>\n<meta property=\"og:type\" content=\"article\" \/>\n<meta property=\"og:title\" content=\"Start - Tier\u00e4rztliche Ern\u00e4hrungsberatung Dr. Susan Kr\u00f6ger\" \/>\n<meta property=\"og:description\" content=\"[vc_row][vc_column][vc_column_text] Welcome to the veterinary nutrition consultation! [\/vc_column_text][\/vc_column][\/vc_row][vc_row equal_columns=&#8221;true&#8221; parallax=&#8221;content-moving-fade&#8221; parallax_image=&#8221;236&#8243; parallax_speed_bg=&#8221;1.3&#8243; el_class=&#8221;start-body&#8221;][vc_column width=&#8221;1\/2&#8243; offset=&#8221;vc_col-lg-6 vc_col-md-6 vc_col-xs-12&#8243;][vc_column_text el_class=&#8221;vertical-offset-desktop&#8221;]We would like to support pet owners as well as their veterinarians in choosing the most suitable nutritional option for dogs and cats through our consultation: It is customized and tailored to the potential medical needs of each [&hellip;]\" \/>\n<meta property=\"og:url\" content=\"https:\/\/tierernaehrung-kroeger.de\/en\/\" \/>\n<meta property=\"og:site_name\" content=\"Tier\u00e4rztliche Ern\u00e4hrungsberatung Dr. Susan Kr\u00f6ger\" \/>\n<meta property=\"article:modified_time\" content=\"2025-10-12T10:22:21+00:00\" \/>\n<meta name=\"twitter:card\" content=\"summary_large_image\" \/>\n<meta name=\"twitter:label1\" content=\"Est. reading time\" \/>\n\t<meta name=\"twitter:data1\" content=\"1 minute\" \/>\n<script type=\"application\/ld+json\" class=\"yoast-schema-graph\">{\"@context\":\"https:\\\/\\\/schema.org\",\"@graph\":[{\"@type\":\"WebPage\",\"@id\":\"https:\\\/\\\/tierernaehrung-kroeger.de\\\/en\\\/\",\"url\":\"https:\\\/\\\/tierernaehrung-kroeger.de\\\/en\\\/\",\"name\":\"Start - Tier\u00e4rztliche Ern\u00e4hrungsberatung Dr. Susan Kr\u00f6ger\",\"isPartOf\":{\"@id\":\"https:\\\/\\\/tierernaehrung-kroeger.de\\\/#website\"},\"datePublished\":\"2016-12-15T10:35:17+00:00\",\"dateModified\":\"2025-10-12T10:22:21+00:00\",\"breadcrumb\":{\"@id\":\"https:\\\/\\\/tierernaehrung-kroeger.de\\\/en\\\/#breadcrumb\"},\"inLanguage\":\"en-US\",\"potentialAction\":[{\"@type\":\"ReadAction\",\"target\":[\"https:\\\/\\\/tierernaehrung-kroeger.de\\\/en\\\/\"]}]},{\"@type\":\"BreadcrumbList\",\"@id\":\"https:\\\/\\\/tierernaehrung-kroeger.de\\\/en\\\/#breadcrumb\",\"itemListElement\":[{\"@type\":\"ListItem\",\"position\":1,\"name\":\"Home\",\"item\":\"https:\\\/\\\/tierernaehrung-kroeger.de\\\/en\\\/\"},{\"@type\":\"ListItem\",\"position\":2,\"name\":\"Start\"}]},{\"@type\":\"WebSite\",\"@id\":\"https:\\\/\\\/tierernaehrung-kroeger.de\\\/#website\",\"url\":\"https:\\\/\\\/tierernaehrung-kroeger.de\\\/\",\"name\":\"Tier\u00e4rztliche Ern\u00e4hrungsberatung Dr. Susan Kr\u00f6ger\",\"description\":\"\",\"publisher\":{\"@id\":\"https:\\\/\\\/tierernaehrung-kroeger.de\\\/#organization\"},\"potentialAction\":[{\"@type\":\"SearchAction\",\"target\":{\"@type\":\"EntryPoint\",\"urlTemplate\":\"https:\\\/\\\/tierernaehrung-kroeger.de\\\/?s={search_term_string}\"},\"query-input\":{\"@type\":\"PropertyValueSpecification\",\"valueRequired\":true,\"valueName\":\"search_term_string\"}}],\"inLanguage\":\"en-US\"},{\"@type\":\"Organization\",\"@id\":\"https:\\\/\\\/tierernaehrung-kroeger.de\\\/#organization\",\"name\":\"Tier\u00e4rztliche Ern\u00e4hrungsberatung Dr. Susan Kr\u00f6ger\",\"url\":\"https:\\\/\\\/tierernaehrung-kroeger.de\\\/\",\"logo\":{\"@type\":\"ImageObject\",\"inLanguage\":\"en-US\",\"@id\":\"https:\\\/\\\/tierernaehrung-kroeger.de\\\/#\\\/schema\\\/logo\\\/image\\\/\",\"url\":\"https:\\\/\\\/tierernaehrung-kroeger.de\\\/wp-content\\\/uploads\\\/2017\\\/03\\\/161208_logo_icon_name_rgb.svg\",\"contentUrl\":\"https:\\\/\\\/tierernaehrung-kroeger.de\\\/wp-content\\\/uploads\\\/2017\\\/03\\\/161208_logo_icon_name_rgb.svg\",\"caption\":\"Tier\u00e4rztliche Ern\u00e4hrungsberatung Dr. Susan Kr\u00f6ger\"},\"image\":{\"@id\":\"https:\\\/\\\/tierernaehrung-kroeger.de\\\/#\\\/schema\\\/logo\\\/image\\\/\"}}]}<\/script>\n<!-- \/ Yoast SEO plugin. -->","yoast_head_json":{"title":"Start - Tier\u00e4rztliche Ern\u00e4hrungsberatung Dr. Susan Kr\u00f6ger","robots":{"index":"index","follow":"follow","max-snippet":"max-snippet:-1","max-image-preview":"max-image-preview:large","max-video-preview":"max-video-preview:-1"},"canonical":"https:\/\/tierernaehrung-kroeger.de\/en\/","og_locale":"en_US","og_type":"article","og_title":"Start - Tier\u00e4rztliche Ern\u00e4hrungsberatung Dr. Susan Kr\u00f6ger","og_description":"[vc_row][vc_column][vc_column_text] Welcome to the veterinary nutrition consultation! [\/vc_column_text][\/vc_column][\/vc_row][vc_row equal_columns=&#8221;true&#8221; parallax=&#8221;content-moving-fade&#8221; parallax_image=&#8221;236&#8243; parallax_speed_bg=&#8221;1.3&#8243; el_class=&#8221;start-body&#8221;][vc_column width=&#8221;1\/2&#8243; offset=&#8221;vc_col-lg-6 vc_col-md-6 vc_col-xs-12&#8243;][vc_column_text el_class=&#8221;vertical-offset-desktop&#8221;]We would like to support pet owners as well as their veterinarians in choosing the most suitable nutritional option for dogs and cats through our consultation: It is customized and tailored to the potential medical needs of each [&hellip;]","og_url":"https:\/\/tierernaehrung-kroeger.de\/en\/","og_site_name":"Tier\u00e4rztliche Ern\u00e4hrungsberatung Dr. Susan Kr\u00f6ger","article_modified_time":"2025-10-12T10:22:21+00:00","twitter_card":"summary_large_image","twitter_misc":{"Est. reading time":"1 minute"},"schema":{"@context":"https:\/\/schema.org","@graph":[{"@type":"WebPage","@id":"https:\/\/tierernaehrung-kroeger.de\/en\/","url":"https:\/\/tierernaehrung-kroeger.de\/en\/","name":"Start - Tier\u00e4rztliche Ern\u00e4hrungsberatung Dr. Susan Kr\u00f6ger","isPartOf":{"@id":"https:\/\/tierernaehrung-kroeger.de\/#website"},"datePublished":"2016-12-15T10:35:17+00:00","dateModified":"2025-10-12T10:22:21+00:00","breadcrumb":{"@id":"https:\/\/tierernaehrung-kroeger.de\/en\/#breadcrumb"},"inLanguage":"en-US","potentialAction":[{"@type":"ReadAction","target":["https:\/\/tierernaehrung-kroeger.de\/en\/"]}]},{"@type":"BreadcrumbList","@id":"https:\/\/tierernaehrung-kroeger.de\/en\/#breadcrumb","itemListElement":[{"@type":"ListItem","position":1,"name":"Home","item":"https:\/\/tierernaehrung-kroeger.de\/en\/"},{"@type":"ListItem","position":2,"name":"Start"}]},{"@type":"WebSite","@id":"https:\/\/tierernaehrung-kroeger.de\/#website","url":"https:\/\/tierernaehrung-kroeger.de\/","name":"Tier\u00e4rztliche Ern\u00e4hrungsberatung Dr. Susan Kr\u00f6ger","description":"","publisher":{"@id":"https:\/\/tierernaehrung-kroeger.de\/#organization"},"potentialAction":[{"@type":"SearchAction","target":{"@type":"EntryPoint","urlTemplate":"https:\/\/tierernaehrung-kroeger.de\/?s={search_term_string}"},"query-input":{"@type":"PropertyValueSpecification","valueRequired":true,"valueName":"search_term_string"}}],"inLanguage":"en-US"},{"@type":"Organization","@id":"https:\/\/tierernaehrung-kroeger.de\/#organization","name":"Tier\u00e4rztliche Ern\u00e4hrungsberatung Dr. Susan Kr\u00f6ger","url":"https:\/\/tierernaehrung-kroeger.de\/","logo":{"@type":"ImageObject","inLanguage":"en-US","@id":"https:\/\/tierernaehrung-kroeger.de\/#\/schema\/logo\/image\/","url":"https:\/\/tierernaehrung-kroeger.de\/wp-content\/uploads\/2017\/03\/161208_logo_icon_name_rgb.svg","contentUrl":"https:\/\/tierernaehrung-kroeger.de\/wp-content\/uploads\/2017\/03\/161208_logo_icon_name_rgb.svg","caption":"Tier\u00e4rztliche Ern\u00e4hrungsberatung Dr. Susan Kr\u00f6ger"},"image":{"@id":"https:\/\/tierernaehrung-kroeger.de\/#\/schema\/logo\/image\/"}}]}},"_links":{"self":[{"href":"https:\/\/tierernaehrung-kroeger.de\/en\/wp-json\/wp\/v2\/pages\/139","targetHints":{"allow":["GET"]}}],"collection":[{"href":"https:\/\/tierernaehrung-kroeger.de\/en\/wp-json\/wp\/v2\/pages"}],"about":[{"href":"https:\/\/tierernaehrung-kroeger.de\/en\/wp-json\/wp\/v2\/types\/page"}],"author":[{"embeddable":true,"href":"https:\/\/tierernaehrung-kroeger.de\/en\/wp-json\/wp\/v2\/users\/1"}],"replies":[{"embeddable":true,"href":"https:\/\/tierernaehrung-kroeger.de\/en\/wp-json\/wp\/v2\/comments?post=139"}],"version-history":[{"count":11,"href":"https:\/\/tierernaehrung-kroeger.de\/en\/wp-json\/wp\/v2\/pages\/139\/revisions"}],"predecessor-version":[{"id":1249,"href":"https:\/\/tierernaehrung-kroeger.de\/en\/wp-json\/wp\/v2\/pages\/139\/revisions\/1249"}],"wp:attachment":[{"href":"https:\/\/tierernaehrung-kroeger.de\/en\/wp-json\/wp\/v2\/media?parent=139"}],"curies":[{"name":"wp","href":"https:\/\/api.w.org\/{rel}","templated":true}]}}