{"id":315,"date":"2017-02-24T18:01:13","date_gmt":"2017-02-24T18:01:13","guid":{"rendered":"http:\/\/tierernaehrung-kroeger.de\/?page_id=315\/"},"modified":"2026-04-30T06:45:22","modified_gmt":"2026-04-30T06:45:22","slug":"contact","status":"publish","type":"page","link":"https:\/\/tierernaehrung-kroeger.de\/en\/contact\/","title":{"rendered":"Contact"},"content":{"rendered":"<div class=\"wpb-content-wrapper\"><p>[vc_row][vc_column][vc_column_text css=&#8221;&#8221; el_class=&#8221;vc_custom_1487959094311&#8243;]<\/p>\n<h1>Contact<\/h1>\n<p>[\/vc_column_text][\/vc_column][\/vc_row][vc_row css=&#8221;.vc_custom_1487959094311{margin-bottom: 30px !important;}&#8221;][vc_column width=&#8221;1\/3&#8243;][vc_column_text css=&#8221;&#8221; align=&#8221;center&#8221;]<\/p>\n<h3 style=\"text-align: center;\">Phone<\/h3>\n<p>[\/vc_column_text][vc_column_text css=&#8221;&#8221; align=&#8221;center&#8221;]<\/p>\n<p style=\"text-align: center;\">Mobile: 0157 \/ 80 69 16 09<br \/>\nPhone: 030 \/ 93 91 04 94<\/p>\n<p>[\/vc_column_text][\/vc_column][vc_column width=&#8221;1\/3&#8243;][vc_column_text css=&#8221;&#8221; align=&#8221;center&#8221;]<\/p>\n<h3 style=\"text-align: center;\">Address<\/h3>\n<p>[\/vc_column_text][vc_column_text css=&#8221;&#8221; align=&#8221;center&#8221;]<\/p>\n<p style=\"text-align: center;\">Tier\u00e4rztliche Ern\u00e4hrungsberatung<br \/>\nDr. Susan Kr\u00f6ger<\/p>\n<p style=\"text-align: center;\">Kurf\u00fcrstendamm 15<\/p>\n<p style=\"text-align: center;\">10719 Berlin<\/p>\n<p>[\/vc_column_text][\/vc_column][vc_column width=&#8221;1\/3&#8243;][vc_column_text css=&#8221;&#8221; align=&#8221;center&#8221;]<\/p>\n<h3 style=\"text-align: center;\">E-Mail<\/h3>\n<p>[\/vc_column_text][vc_column_text css=&#8221;&#8221; align=&#8221;center&#8221;]<\/p>\n<p style=\"text-align: center;\"><a href=\"mailto:info@tierernaehrung-kroeger.de\" rel=\"nofollow\">info@tierernaehrung-kroeger.de<\/a><\/p>\n<p>[\/vc_column_text][\/vc_column][\/vc_row]<\/p>\n<\/div>","protected":false},"excerpt":{"rendered":"<p>[vc_row][vc_column][vc_column_text css=&#8221;&#8221; el_class=&#8221;vc_custom_1487959094311&#8243;] Contact [\/vc_column_text][\/vc_column][\/vc_row][vc_row css=&#8221;.vc_custom_1487959094311{margin-bottom: 30px !important;}&#8221;][vc_column width=&#8221;1\/3&#8243;][vc_column_text css=&#8221;&#8221; align=&#8221;center&#8221;] Phone [\/vc_column_text][vc_column_text css=&#8221;&#8221; align=&#8221;center&#8221;] Mobile: 0157 \/ 80 69 16 09 Phone: 030 \/ 93 91 04 94 [\/vc_column_text][\/vc_column][vc_column width=&#8221;1\/3&#8243;][vc_column_text css=&#8221;&#8221; align=&#8221;center&#8221;] Address [\/vc_column_text][vc_column_text css=&#8221;&#8221; align=&#8221;center&#8221;] Tier\u00e4rztliche Ern\u00e4hrungsberatung Dr. Susan Kr\u00f6ger Kurf\u00fcrstendamm 15 10719 Berlin [\/vc_column_text][\/vc_column][vc_column width=&#8221;1\/3&#8243;][vc_column_text css=&#8221;&#8221; align=&#8221;center&#8221;] E-Mail [\/vc_column_text][vc_column_text css=&#8221;&#8221; align=&#8221;center&#8221;] info@tierernaehrung-kroeger.de [&hellip;]<\/p>\n","protected":false},"author":1,"featured_media":0,"parent":0,"menu_order":0,"comment_status":"closed","ping_status":"closed","template":"","meta":{"inline_featured_image":false,"footnotes":""},"class_list":["post-315","page","type-page","status-publish","hentry"],"yoast_head":"<!-- This site is optimized with the Yoast SEO plugin v27.4 - https:\/\/yoast.com\/product\/yoast-seo-wordpress\/ -->\n<title>Contact - Tier\u00e4rztliche Ern\u00e4hrungsberatung Dr. Susan Kr\u00f6ger<\/title>\n<meta name=\"robots\" content=\"index, follow, max-snippet:-1, max-image-preview:large, max-video-preview:-1\" \/>\n<link rel=\"canonical\" href=\"https:\/\/tierernaehrung-kroeger.de\/en\/contact\/\" \/>\n<meta property=\"og:locale\" content=\"en_US\" \/>\n<meta property=\"og:type\" content=\"article\" \/>\n<meta property=\"og:title\" content=\"Contact - Tier\u00e4rztliche Ern\u00e4hrungsberatung Dr. Susan Kr\u00f6ger\" \/>\n<meta property=\"og:description\" content=\"[vc_row][vc_column][vc_column_text css=&#8221;&#8221; el_class=&#8221;vc_custom_1487959094311&#8243;] Contact [\/vc_column_text][\/vc_column][\/vc_row][vc_row css=&#8221;.vc_custom_1487959094311{margin-bottom: 30px !important;}&#8221;][vc_column width=&#8221;1\/3&#8243;][vc_column_text css=&#8221;&#8221; align=&#8221;center&#8221;] Phone [\/vc_column_text][vc_column_text css=&#8221;&#8221; align=&#8221;center&#8221;] Mobile: 0157 \/ 80 69 16 09 Phone: 030 \/ 93 91 04 94 [\/vc_column_text][\/vc_column][vc_column width=&#8221;1\/3&#8243;][vc_column_text css=&#8221;&#8221; align=&#8221;center&#8221;] Address [\/vc_column_text][vc_column_text css=&#8221;&#8221; align=&#8221;center&#8221;] Tier\u00e4rztliche Ern\u00e4hrungsberatung Dr. Susan Kr\u00f6ger Kurf\u00fcrstendamm 15 10719 Berlin [\/vc_column_text][\/vc_column][vc_column width=&#8221;1\/3&#8243;][vc_column_text css=&#8221;&#8221; align=&#8221;center&#8221;] E-Mail [\/vc_column_text][vc_column_text css=&#8221;&#8221; align=&#8221;center&#8221;] info@tierernaehrung-kroeger.de [&hellip;]\" \/>\n<meta property=\"og:url\" content=\"https:\/\/tierernaehrung-kroeger.de\/en\/contact\/\" \/>\n<meta property=\"og:site_name\" content=\"Tier\u00e4rztliche Ern\u00e4hrungsberatung Dr. Susan Kr\u00f6ger\" \/>\n<meta property=\"article:modified_time\" content=\"2026-04-30T06:45:22+00:00\" \/>\n<meta name=\"twitter:card\" content=\"summary_large_image\" \/>\n<meta name=\"twitter:label1\" content=\"Est. reading time\" \/>\n\t<meta name=\"twitter:data1\" content=\"1 minute\" \/>\n<script type=\"application\/ld+json\" class=\"yoast-schema-graph\">{\"@context\":\"https:\\\/\\\/schema.org\",\"@graph\":[{\"@type\":\"WebPage\",\"@id\":\"https:\\\/\\\/tierernaehrung-kroeger.de\\\/en\\\/contact\\\/\",\"url\":\"https:\\\/\\\/tierernaehrung-kroeger.de\\\/en\\\/contact\\\/\",\"name\":\"Contact - Tier\u00e4rztliche Ern\u00e4hrungsberatung Dr. Susan Kr\u00f6ger\",\"isPartOf\":{\"@id\":\"https:\\\/\\\/tierernaehrung-kroeger.de\\\/#website\"},\"datePublished\":\"2017-02-24T18:01:13+00:00\",\"dateModified\":\"2026-04-30T06:45:22+00:00\",\"breadcrumb\":{\"@id\":\"https:\\\/\\\/tierernaehrung-kroeger.de\\\/en\\\/contact\\\/#breadcrumb\"},\"inLanguage\":\"en-US\",\"potentialAction\":[{\"@type\":\"ReadAction\",\"target\":[\"https:\\\/\\\/tierernaehrung-kroeger.de\\\/en\\\/contact\\\/\"]}]},{\"@type\":\"BreadcrumbList\",\"@id\":\"https:\\\/\\\/tierernaehrung-kroeger.de\\\/en\\\/contact\\\/#breadcrumb\",\"itemListElement\":[{\"@type\":\"ListItem\",\"position\":1,\"name\":\"Home\",\"item\":\"https:\\\/\\\/tierernaehrung-kroeger.de\\\/en\\\/\"},{\"@type\":\"ListItem\",\"position\":2,\"name\":\"Contact\"}]},{\"@type\":\"WebSite\",\"@id\":\"https:\\\/\\\/tierernaehrung-kroeger.de\\\/#website\",\"url\":\"https:\\\/\\\/tierernaehrung-kroeger.de\\\/\",\"name\":\"Tier\u00e4rztliche Ern\u00e4hrungsberatung Dr. Susan Kr\u00f6ger\",\"description\":\"\",\"publisher\":{\"@id\":\"https:\\\/\\\/tierernaehrung-kroeger.de\\\/#organization\"},\"potentialAction\":[{\"@type\":\"SearchAction\",\"target\":{\"@type\":\"EntryPoint\",\"urlTemplate\":\"https:\\\/\\\/tierernaehrung-kroeger.de\\\/?s={search_term_string}\"},\"query-input\":{\"@type\":\"PropertyValueSpecification\",\"valueRequired\":true,\"valueName\":\"search_term_string\"}}],\"inLanguage\":\"en-US\"},{\"@type\":\"Organization\",\"@id\":\"https:\\\/\\\/tierernaehrung-kroeger.de\\\/#organization\",\"name\":\"Tier\u00e4rztliche Ern\u00e4hrungsberatung Dr. Susan Kr\u00f6ger\",\"url\":\"https:\\\/\\\/tierernaehrung-kroeger.de\\\/\",\"logo\":{\"@type\":\"ImageObject\",\"inLanguage\":\"en-US\",\"@id\":\"https:\\\/\\\/tierernaehrung-kroeger.de\\\/#\\\/schema\\\/logo\\\/image\\\/\",\"url\":\"https:\\\/\\\/tierernaehrung-kroeger.de\\\/wp-content\\\/uploads\\\/2017\\\/03\\\/161208_logo_icon_name_rgb.svg\",\"contentUrl\":\"https:\\\/\\\/tierernaehrung-kroeger.de\\\/wp-content\\\/uploads\\\/2017\\\/03\\\/161208_logo_icon_name_rgb.svg\",\"caption\":\"Tier\u00e4rztliche Ern\u00e4hrungsberatung Dr. Susan Kr\u00f6ger\"},\"image\":{\"@id\":\"https:\\\/\\\/tierernaehrung-kroeger.de\\\/#\\\/schema\\\/logo\\\/image\\\/\"}}]}<\/script>\n<!-- \/ Yoast SEO plugin. -->","yoast_head_json":{"title":"Contact - Tier\u00e4rztliche Ern\u00e4hrungsberatung Dr. Susan Kr\u00f6ger","robots":{"index":"index","follow":"follow","max-snippet":"max-snippet:-1","max-image-preview":"max-image-preview:large","max-video-preview":"max-video-preview:-1"},"canonical":"https:\/\/tierernaehrung-kroeger.de\/en\/contact\/","og_locale":"en_US","og_type":"article","og_title":"Contact - Tier\u00e4rztliche Ern\u00e4hrungsberatung Dr. Susan Kr\u00f6ger","og_description":"[vc_row][vc_column][vc_column_text css=&#8221;&#8221; el_class=&#8221;vc_custom_1487959094311&#8243;] Contact [\/vc_column_text][\/vc_column][\/vc_row][vc_row css=&#8221;.vc_custom_1487959094311{margin-bottom: 30px !important;}&#8221;][vc_column width=&#8221;1\/3&#8243;][vc_column_text css=&#8221;&#8221; align=&#8221;center&#8221;] Phone [\/vc_column_text][vc_column_text css=&#8221;&#8221; align=&#8221;center&#8221;] Mobile: 0157 \/ 80 69 16 09 Phone: 030 \/ 93 91 04 94 [\/vc_column_text][\/vc_column][vc_column width=&#8221;1\/3&#8243;][vc_column_text css=&#8221;&#8221; align=&#8221;center&#8221;] Address [\/vc_column_text][vc_column_text css=&#8221;&#8221; align=&#8221;center&#8221;] Tier\u00e4rztliche Ern\u00e4hrungsberatung Dr. Susan Kr\u00f6ger Kurf\u00fcrstendamm 15 10719 Berlin [\/vc_column_text][\/vc_column][vc_column width=&#8221;1\/3&#8243;][vc_column_text css=&#8221;&#8221; align=&#8221;center&#8221;] E-Mail [\/vc_column_text][vc_column_text css=&#8221;&#8221; align=&#8221;center&#8221;] info@tierernaehrung-kroeger.de [&hellip;]","og_url":"https:\/\/tierernaehrung-kroeger.de\/en\/contact\/","og_site_name":"Tier\u00e4rztliche Ern\u00e4hrungsberatung Dr. Susan Kr\u00f6ger","article_modified_time":"2026-04-30T06:45:22+00:00","twitter_card":"summary_large_image","twitter_misc":{"Est. reading time":"1 minute"},"schema":{"@context":"https:\/\/schema.org","@graph":[{"@type":"WebPage","@id":"https:\/\/tierernaehrung-kroeger.de\/en\/contact\/","url":"https:\/\/tierernaehrung-kroeger.de\/en\/contact\/","name":"Contact - Tier\u00e4rztliche Ern\u00e4hrungsberatung Dr. Susan Kr\u00f6ger","isPartOf":{"@id":"https:\/\/tierernaehrung-kroeger.de\/#website"},"datePublished":"2017-02-24T18:01:13+00:00","dateModified":"2026-04-30T06:45:22+00:00","breadcrumb":{"@id":"https:\/\/tierernaehrung-kroeger.de\/en\/contact\/#breadcrumb"},"inLanguage":"en-US","potentialAction":[{"@type":"ReadAction","target":["https:\/\/tierernaehrung-kroeger.de\/en\/contact\/"]}]},{"@type":"BreadcrumbList","@id":"https:\/\/tierernaehrung-kroeger.de\/en\/contact\/#breadcrumb","itemListElement":[{"@type":"ListItem","position":1,"name":"Home","item":"https:\/\/tierernaehrung-kroeger.de\/en\/"},{"@type":"ListItem","position":2,"name":"Contact"}]},{"@type":"WebSite","@id":"https:\/\/tierernaehrung-kroeger.de\/#website","url":"https:\/\/tierernaehrung-kroeger.de\/","name":"Tier\u00e4rztliche Ern\u00e4hrungsberatung Dr. Susan Kr\u00f6ger","description":"","publisher":{"@id":"https:\/\/tierernaehrung-kroeger.de\/#organization"},"potentialAction":[{"@type":"SearchAction","target":{"@type":"EntryPoint","urlTemplate":"https:\/\/tierernaehrung-kroeger.de\/?s={search_term_string}"},"query-input":{"@type":"PropertyValueSpecification","valueRequired":true,"valueName":"search_term_string"}}],"inLanguage":"en-US"},{"@type":"Organization","@id":"https:\/\/tierernaehrung-kroeger.de\/#organization","name":"Tier\u00e4rztliche Ern\u00e4hrungsberatung Dr. Susan Kr\u00f6ger","url":"https:\/\/tierernaehrung-kroeger.de\/","logo":{"@type":"ImageObject","inLanguage":"en-US","@id":"https:\/\/tierernaehrung-kroeger.de\/#\/schema\/logo\/image\/","url":"https:\/\/tierernaehrung-kroeger.de\/wp-content\/uploads\/2017\/03\/161208_logo_icon_name_rgb.svg","contentUrl":"https:\/\/tierernaehrung-kroeger.de\/wp-content\/uploads\/2017\/03\/161208_logo_icon_name_rgb.svg","caption":"Tier\u00e4rztliche Ern\u00e4hrungsberatung Dr. Susan Kr\u00f6ger"},"image":{"@id":"https:\/\/tierernaehrung-kroeger.de\/#\/schema\/logo\/image\/"}}]}},"_links":{"self":[{"href":"https:\/\/tierernaehrung-kroeger.de\/en\/wp-json\/wp\/v2\/pages\/315","targetHints":{"allow":["GET"]}}],"collection":[{"href":"https:\/\/tierernaehrung-kroeger.de\/en\/wp-json\/wp\/v2\/pages"}],"about":[{"href":"https:\/\/tierernaehrung-kroeger.de\/en\/wp-json\/wp\/v2\/types\/page"}],"author":[{"embeddable":true,"href":"https:\/\/tierernaehrung-kroeger.de\/en\/wp-json\/wp\/v2\/users\/1"}],"replies":[{"embeddable":true,"href":"https:\/\/tierernaehrung-kroeger.de\/en\/wp-json\/wp\/v2\/comments?post=315"}],"version-history":[{"count":12,"href":"https:\/\/tierernaehrung-kroeger.de\/en\/wp-json\/wp\/v2\/pages\/315\/revisions"}],"predecessor-version":[{"id":1607,"href":"https:\/\/tierernaehrung-kroeger.de\/en\/wp-json\/wp\/v2\/pages\/315\/revisions\/1607"}],"wp:attachment":[{"href":"https:\/\/tierernaehrung-kroeger.de\/en\/wp-json\/wp\/v2\/media?parent=315"}],"curies":[{"name":"wp","href":"https:\/\/api.w.org\/{rel}","templated":true}]}}