{"id":348,"date":"2017-02-26T20:08:06","date_gmt":"2017-02-26T20:08:06","guid":{"rendered":"http:\/\/tierernaehrung-kroeger.de\/?page_id=348\/"},"modified":"2026-04-30T07:07:23","modified_gmt":"2026-04-30T07:07:23","slug":"prices","status":"publish","type":"page","link":"https:\/\/tierernaehrung-kroeger.de\/en\/prices\/","title":{"rendered":"Prices"},"content":{"rendered":"<div class=\"wpb-content-wrapper\"><p>[vc_row][vc_column width=&#8221;3\/4&#8243;][vc_column_text css=&#8221;&#8221;]<\/p>\n<h1>Prices<\/h1>\n<p>The resulting costs for the veterinary consulting service are in accordance with the statutory charge rates for veterinarians (Geb\u00fchrenordnung f\u00fcr Tier\u00e4rzte, GOT). Billing takes place according to time spent for consultation or calculation.<\/p>\n<p>Please contact me if you would like to receive an individual quote in advance.[\/vc_column_text][\/vc_column][\/vc_row][vc_row][vc_column width=&#8221;5\/6&#8243;][vc_column_text]<\/p>\n<table>\n<thead>\n<tr>\n<th style=\"min-width: 75px;\">GOT-No.<\/th>\n<th>Service<\/th>\n<th>Price incl. 19% VAT<\/th>\n<\/tr>\n<\/thead>\n<tbody>\n<tr class=\"offset\">\n<td><\/td>\n<td>General questions regarding the procedure<\/td>\n<td>free of charge<\/td>\n<\/tr>\n<tr>\n<td>2<\/td>\n<td>Comprehensive initial consultation and detailed anamnesis without calculation of daily rations<br \/>\n(in person, by phone or videocall)<\/td>\n<td>36,70 \u2013 109,90 \u20ac *<\/td>\n<\/tr>\n<tr class=\"offset\">\n<td><\/td>\n<td><b>Validation and adjustment of the present daily ration<\/b>, consisting of GOT-No. 2 + 89<\/td>\n<td><\/td>\n<\/tr>\n<tr>\n<td>2<\/td>\n<td>Comprehensive initial consultation and detailed anamnesis (in person, by phone or videocall)<\/td>\n<td>36.70 \u2013 73.30 \u20ac *<\/td>\n<\/tr>\n<tr>\n<td><\/td>\n<td><strong>and<\/strong><\/td>\n<td><\/td>\n<\/tr>\n<tr>\n<td>89<\/td>\n<td>Validation and adjustment of a complete diet, including a comprehensive report<\/td>\n<td>74.40 \u2013 101.60 \u20ac *<\/td>\n<\/tr>\n<tr>\n<td><\/td>\n<td><strong>or<\/strong><\/td>\n<td><\/td>\n<\/tr>\n<tr>\n<td>89<\/td>\n<td>Validation and adjustment of a home-made diet, including a comprehensive report<\/td>\n<td>148.80 \u2013 178.50 \u20ac *<\/td>\n<\/tr>\n<tr class=\"offset\">\n<td><\/td>\n<td><b>New calculation of daily rations<\/b>, consisting of GOT-No. 2 + 89<\/td>\n<td><\/td>\n<\/tr>\n<tr>\n<td>2<\/td>\n<td>Comprehensive initial consultation and detailed anamnesis (in person, by phone or videocall)<\/td>\n<td>36.70 \u2013 73.30 \u20ac *<\/td>\n<\/tr>\n<tr>\n<td><\/td>\n<td><strong>and<\/strong><\/td>\n<td><\/td>\n<\/tr>\n<tr>\n<td>89<\/td>\n<td>Calculation of a daily ration with a complete diet, including a comprehensive report<\/td>\n<td>74.40 \u2013 101.60 \u20ac *<\/td>\n<\/tr>\n<tr>\n<td><\/td>\n<td><strong>or<\/strong><\/td>\n<td><\/td>\n<\/tr>\n<tr>\n<td>89<\/td>\n<td>Calculation of a home-made diet, including a comprehensive report<\/td>\n<td>148.80 \u2013 178.50 \u20ac *<\/td>\n<\/tr>\n<tr class=\"offset\">\n<td><\/td>\n<td><b>Follow-up<\/b><\/td>\n<td><\/td>\n<\/tr>\n<tr>\n<td>1 \/ 2<\/td>\n<td>Follow up with adjustment of daily rations (by mail, phone oder videocall)<\/td>\n<td>13.40 \u2013 40.20 \u20ac *<\/td>\n<\/tr>\n<tr>\n<td>2<\/td>\n<td>Comprehensive follow up with or without adjustment of daily rations (in person, by phone or videocall)<\/td>\n<td>36,70 \u2013 73,30 \u20ac *<\/td>\n<\/tr>\n<tr>\n<td>89<\/td>\n<td>Adjustment of a daily ration with a complete diet, including a report<\/td>\n<td>37,20 \u2013 55,80 \u20ac *<\/td>\n<\/tr>\n<tr>\n<td>89<\/td>\n<td>Adjustment of a home-made diet, including a report<\/td>\n<td>41,70 \u2013 101,70 \u20ac *<\/td>\n<\/tr>\n<\/tbody>\n<\/table>\n<p>[\/vc_column_text][\/vc_column][\/vc_row][vc_row][vc_column][vc_column_text]* The prices may be higher if the time required is particularly high.<\/p>\n<p><a href=\"https:\/\/tierernaehrung-kroeger.de\/wp-content\/uploads\/2022\/11\/got_allgemein_merkblatttierhalter2022.pdf\" target=\"_blank\" rel=\"noopener noreferrer\">Download: Die Gebu\u0308hrenordnung fu\u0308r Tiera\u0308rzte (GOT) &#8211; Erla\u0308uterungen fu\u0308r Tierhalter<\/a><\/p>\n<p>[\/vc_column_text][\/vc_column][\/vc_row]<\/p>\n<\/div>","protected":false},"excerpt":{"rendered":"<p>[vc_row][vc_column width=&#8221;3\/4&#8243;][vc_column_text css=&#8221;&#8221;] Prices The resulting costs for the veterinary consulting service are in accordance with the statutory charge rates for veterinarians (Geb\u00fchrenordnung f\u00fcr Tier\u00e4rzte, GOT). Billing takes place according to time spent for consultation or calculation. Please contact me if you would like to receive an individual quote in advance.[\/vc_column_text][\/vc_column][\/vc_row][vc_row][vc_column width=&#8221;5\/6&#8243;][vc_column_text] GOT-No. Service Price [&hellip;]<\/p>\n","protected":false},"author":1,"featured_media":0,"parent":0,"menu_order":0,"comment_status":"closed","ping_status":"closed","template":"","meta":{"inline_featured_image":false,"footnotes":""},"class_list":["post-348","page","type-page","status-publish","hentry"],"yoast_head":"<!-- This site is optimized with the Yoast SEO plugin v27.4 - https:\/\/yoast.com\/product\/yoast-seo-wordpress\/ -->\n<title>Prices - Tier\u00e4rztliche Ern\u00e4hrungsberatung Dr. Susan Kr\u00f6ger<\/title>\n<meta name=\"robots\" content=\"index, follow, max-snippet:-1, max-image-preview:large, max-video-preview:-1\" \/>\n<link rel=\"canonical\" href=\"https:\/\/tierernaehrung-kroeger.de\/en\/prices\/\" \/>\n<meta property=\"og:locale\" content=\"en_US\" \/>\n<meta property=\"og:type\" content=\"article\" \/>\n<meta property=\"og:title\" content=\"Prices - Tier\u00e4rztliche Ern\u00e4hrungsberatung Dr. Susan Kr\u00f6ger\" \/>\n<meta property=\"og:description\" content=\"[vc_row][vc_column width=&#8221;3\/4&#8243;][vc_column_text css=&#8221;&#8221;] Prices The resulting costs for the veterinary consulting service are in accordance with the statutory charge rates for veterinarians (Geb\u00fchrenordnung f\u00fcr Tier\u00e4rzte, GOT). Billing takes place according to time spent for consultation or calculation. Please contact me if you would like to receive an individual quote in advance.[\/vc_column_text][\/vc_column][\/vc_row][vc_row][vc_column width=&#8221;5\/6&#8243;][vc_column_text] GOT-No. Service Price [&hellip;]\" \/>\n<meta property=\"og:url\" content=\"https:\/\/tierernaehrung-kroeger.de\/en\/prices\/\" \/>\n<meta property=\"og:site_name\" content=\"Tier\u00e4rztliche Ern\u00e4hrungsberatung Dr. Susan Kr\u00f6ger\" \/>\n<meta property=\"article:modified_time\" content=\"2026-04-30T07:07:23+00:00\" \/>\n<meta name=\"twitter:card\" content=\"summary_large_image\" \/>\n<meta name=\"twitter:label1\" content=\"Est. reading time\" \/>\n\t<meta name=\"twitter:data1\" content=\"2 minutes\" \/>\n<script type=\"application\/ld+json\" class=\"yoast-schema-graph\">{\"@context\":\"https:\\\/\\\/schema.org\",\"@graph\":[{\"@type\":\"WebPage\",\"@id\":\"https:\\\/\\\/tierernaehrung-kroeger.de\\\/en\\\/prices\\\/\",\"url\":\"https:\\\/\\\/tierernaehrung-kroeger.de\\\/en\\\/prices\\\/\",\"name\":\"Prices - Tier\u00e4rztliche Ern\u00e4hrungsberatung Dr. Susan Kr\u00f6ger\",\"isPartOf\":{\"@id\":\"https:\\\/\\\/tierernaehrung-kroeger.de\\\/#website\"},\"datePublished\":\"2017-02-26T20:08:06+00:00\",\"dateModified\":\"2026-04-30T07:07:23+00:00\",\"breadcrumb\":{\"@id\":\"https:\\\/\\\/tierernaehrung-kroeger.de\\\/en\\\/prices\\\/#breadcrumb\"},\"inLanguage\":\"en-US\",\"potentialAction\":[{\"@type\":\"ReadAction\",\"target\":[\"https:\\\/\\\/tierernaehrung-kroeger.de\\\/en\\\/prices\\\/\"]}]},{\"@type\":\"BreadcrumbList\",\"@id\":\"https:\\\/\\\/tierernaehrung-kroeger.de\\\/en\\\/prices\\\/#breadcrumb\",\"itemListElement\":[{\"@type\":\"ListItem\",\"position\":1,\"name\":\"Home\",\"item\":\"https:\\\/\\\/tierernaehrung-kroeger.de\\\/en\\\/\"},{\"@type\":\"ListItem\",\"position\":2,\"name\":\"Prices\"}]},{\"@type\":\"WebSite\",\"@id\":\"https:\\\/\\\/tierernaehrung-kroeger.de\\\/#website\",\"url\":\"https:\\\/\\\/tierernaehrung-kroeger.de\\\/\",\"name\":\"Tier\u00e4rztliche Ern\u00e4hrungsberatung Dr. Susan Kr\u00f6ger\",\"description\":\"\",\"publisher\":{\"@id\":\"https:\\\/\\\/tierernaehrung-kroeger.de\\\/#organization\"},\"potentialAction\":[{\"@type\":\"SearchAction\",\"target\":{\"@type\":\"EntryPoint\",\"urlTemplate\":\"https:\\\/\\\/tierernaehrung-kroeger.de\\\/?s={search_term_string}\"},\"query-input\":{\"@type\":\"PropertyValueSpecification\",\"valueRequired\":true,\"valueName\":\"search_term_string\"}}],\"inLanguage\":\"en-US\"},{\"@type\":\"Organization\",\"@id\":\"https:\\\/\\\/tierernaehrung-kroeger.de\\\/#organization\",\"name\":\"Tier\u00e4rztliche Ern\u00e4hrungsberatung Dr. Susan Kr\u00f6ger\",\"url\":\"https:\\\/\\\/tierernaehrung-kroeger.de\\\/\",\"logo\":{\"@type\":\"ImageObject\",\"inLanguage\":\"en-US\",\"@id\":\"https:\\\/\\\/tierernaehrung-kroeger.de\\\/#\\\/schema\\\/logo\\\/image\\\/\",\"url\":\"https:\\\/\\\/tierernaehrung-kroeger.de\\\/wp-content\\\/uploads\\\/2017\\\/03\\\/161208_logo_icon_name_rgb.svg\",\"contentUrl\":\"https:\\\/\\\/tierernaehrung-kroeger.de\\\/wp-content\\\/uploads\\\/2017\\\/03\\\/161208_logo_icon_name_rgb.svg\",\"caption\":\"Tier\u00e4rztliche Ern\u00e4hrungsberatung Dr. Susan Kr\u00f6ger\"},\"image\":{\"@id\":\"https:\\\/\\\/tierernaehrung-kroeger.de\\\/#\\\/schema\\\/logo\\\/image\\\/\"}}]}<\/script>\n<!-- \/ Yoast SEO plugin. -->","yoast_head_json":{"title":"Prices - Tier\u00e4rztliche Ern\u00e4hrungsberatung Dr. Susan Kr\u00f6ger","robots":{"index":"index","follow":"follow","max-snippet":"max-snippet:-1","max-image-preview":"max-image-preview:large","max-video-preview":"max-video-preview:-1"},"canonical":"https:\/\/tierernaehrung-kroeger.de\/en\/prices\/","og_locale":"en_US","og_type":"article","og_title":"Prices - Tier\u00e4rztliche Ern\u00e4hrungsberatung Dr. Susan Kr\u00f6ger","og_description":"[vc_row][vc_column width=&#8221;3\/4&#8243;][vc_column_text css=&#8221;&#8221;] Prices The resulting costs for the veterinary consulting service are in accordance with the statutory charge rates for veterinarians (Geb\u00fchrenordnung f\u00fcr Tier\u00e4rzte, GOT). Billing takes place according to time spent for consultation or calculation. Please contact me if you would like to receive an individual quote in advance.[\/vc_column_text][\/vc_column][\/vc_row][vc_row][vc_column width=&#8221;5\/6&#8243;][vc_column_text] GOT-No. Service Price [&hellip;]","og_url":"https:\/\/tierernaehrung-kroeger.de\/en\/prices\/","og_site_name":"Tier\u00e4rztliche Ern\u00e4hrungsberatung Dr. Susan Kr\u00f6ger","article_modified_time":"2026-04-30T07:07:23+00:00","twitter_card":"summary_large_image","twitter_misc":{"Est. reading time":"2 minutes"},"schema":{"@context":"https:\/\/schema.org","@graph":[{"@type":"WebPage","@id":"https:\/\/tierernaehrung-kroeger.de\/en\/prices\/","url":"https:\/\/tierernaehrung-kroeger.de\/en\/prices\/","name":"Prices - Tier\u00e4rztliche Ern\u00e4hrungsberatung Dr. Susan Kr\u00f6ger","isPartOf":{"@id":"https:\/\/tierernaehrung-kroeger.de\/#website"},"datePublished":"2017-02-26T20:08:06+00:00","dateModified":"2026-04-30T07:07:23+00:00","breadcrumb":{"@id":"https:\/\/tierernaehrung-kroeger.de\/en\/prices\/#breadcrumb"},"inLanguage":"en-US","potentialAction":[{"@type":"ReadAction","target":["https:\/\/tierernaehrung-kroeger.de\/en\/prices\/"]}]},{"@type":"BreadcrumbList","@id":"https:\/\/tierernaehrung-kroeger.de\/en\/prices\/#breadcrumb","itemListElement":[{"@type":"ListItem","position":1,"name":"Home","item":"https:\/\/tierernaehrung-kroeger.de\/en\/"},{"@type":"ListItem","position":2,"name":"Prices"}]},{"@type":"WebSite","@id":"https:\/\/tierernaehrung-kroeger.de\/#website","url":"https:\/\/tierernaehrung-kroeger.de\/","name":"Tier\u00e4rztliche Ern\u00e4hrungsberatung Dr. Susan Kr\u00f6ger","description":"","publisher":{"@id":"https:\/\/tierernaehrung-kroeger.de\/#organization"},"potentialAction":[{"@type":"SearchAction","target":{"@type":"EntryPoint","urlTemplate":"https:\/\/tierernaehrung-kroeger.de\/?s={search_term_string}"},"query-input":{"@type":"PropertyValueSpecification","valueRequired":true,"valueName":"search_term_string"}}],"inLanguage":"en-US"},{"@type":"Organization","@id":"https:\/\/tierernaehrung-kroeger.de\/#organization","name":"Tier\u00e4rztliche Ern\u00e4hrungsberatung Dr. Susan Kr\u00f6ger","url":"https:\/\/tierernaehrung-kroeger.de\/","logo":{"@type":"ImageObject","inLanguage":"en-US","@id":"https:\/\/tierernaehrung-kroeger.de\/#\/schema\/logo\/image\/","url":"https:\/\/tierernaehrung-kroeger.de\/wp-content\/uploads\/2017\/03\/161208_logo_icon_name_rgb.svg","contentUrl":"https:\/\/tierernaehrung-kroeger.de\/wp-content\/uploads\/2017\/03\/161208_logo_icon_name_rgb.svg","caption":"Tier\u00e4rztliche Ern\u00e4hrungsberatung Dr. Susan Kr\u00f6ger"},"image":{"@id":"https:\/\/tierernaehrung-kroeger.de\/#\/schema\/logo\/image\/"}}]}},"_links":{"self":[{"href":"https:\/\/tierernaehrung-kroeger.de\/en\/wp-json\/wp\/v2\/pages\/348","targetHints":{"allow":["GET"]}}],"collection":[{"href":"https:\/\/tierernaehrung-kroeger.de\/en\/wp-json\/wp\/v2\/pages"}],"about":[{"href":"https:\/\/tierernaehrung-kroeger.de\/en\/wp-json\/wp\/v2\/types\/page"}],"author":[{"embeddable":true,"href":"https:\/\/tierernaehrung-kroeger.de\/en\/wp-json\/wp\/v2\/users\/1"}],"replies":[{"embeddable":true,"href":"https:\/\/tierernaehrung-kroeger.de\/en\/wp-json\/wp\/v2\/comments?post=348"}],"version-history":[{"count":33,"href":"https:\/\/tierernaehrung-kroeger.de\/en\/wp-json\/wp\/v2\/pages\/348\/revisions"}],"predecessor-version":[{"id":1616,"href":"https:\/\/tierernaehrung-kroeger.de\/en\/wp-json\/wp\/v2\/pages\/348\/revisions\/1616"}],"wp:attachment":[{"href":"https:\/\/tierernaehrung-kroeger.de\/en\/wp-json\/wp\/v2\/media?parent=348"}],"curies":[{"name":"wp","href":"https:\/\/api.w.org\/{rel}","templated":true}]}}